{"id":13251,"date":"2022-09-28T15:10:52","date_gmt":"2022-09-28T13:10:52","guid":{"rendered":"https:\/\/www.saveurs-metiers.be\/?page_id=13251"},"modified":"2025-01-23T08:51:39","modified_gmt":"2025-01-23T07:51:39","slug":"tickets-lp","status":"publish","type":"page","link":"https:\/\/www.saveurs-metiers.be\/nl\/tickets-lp\/","title":{"rendered":"Tickets lp"},"content":{"rendered":"\t\t<div data-elementor-type=\"wp-post\" data-elementor-id=\"13251\" class=\"elementor elementor-13251 elementor-13250\" data-elementor-post-type=\"page\">\n\t\t\t\t<div class=\"elementor-element elementor-element-bf3710d e-flex e-con-boxed e-con e-parent\" data-id=\"bf3710d\" data-element_type=\"container\">\n\t\t\t\t\t<div class=\"e-con-inner\">\n\t\t<div class=\"elementor-element elementor-element-a5a9d7f e-con-full e-flex e-con e-child\" data-id=\"a5a9d7f\" data-element_type=\"container\">\n\t\t\t\t<div class=\"elementor-element elementor-element-7644bad elementor-widget elementor-widget-heading\" data-id=\"7644bad\" data-element_type=\"widget\" data-widget_type=\"heading.default\">\n\t\t\t\t<div class=\"elementor-widget-container\">\n\t\t\t\t\t<h1 class=\"elementor-heading-title elementor-size-default\">Registreer nu!<\/h1>\t\t\t\t<\/div>\n\t\t\t\t<\/div>\n\t\t\t\t<div class=\"elementor-element elementor-element-2f19712 elementor-widget elementor-widget-text-editor\" data-id=\"2f19712\" data-element_type=\"widget\" data-widget_type=\"text-editor.default\">\n\t\t\t\t<div class=\"elementor-widget-container\">\n\t\t\t\t\t\t\t\t\t<p style=\"text-align: center;\">Registreer nu bij Saveurs &amp; M\u00e9tiers voor 3 dagen netwerken en ontmoetingen met 100 exposanten, demonstraties,\u00a0 en een programma van conferenties in het hart van de actualiteit van de sector.<\/p>\n\t\t\t\t\t\t\t\t<\/div>\n\t\t\t\t<\/div>\n\t\t<div class=\"elementor-element elementor-element-7edf653 e-con-full e-flex e-con e-child\" data-id=\"7edf653\" data-element_type=\"container\">\n\t\t<div class=\"elementor-element elementor-element-7c87185 e-con-full e-flex e-con e-child\" data-id=\"7c87185\" data-element_type=\"container\">\n\t\t\t\t<div class=\"elementor-element elementor-element-638e88c elementor-widget elementor-widget-dynamic-button\" data-id=\"638e88c\" data-element_type=\"widget\" data-widget_type=\"dynamic-button.default\">\n\t\t\t\t<div class=\"elementor-widget-container\">\n\t\t\t\t\t        <div class=\"elementor-button-wrapper\">\n            <a href=\"https:\/\/register.visitcloud.com\/survey\/16gi8pwvihdpb\" target=\"_blank\" class=\"elementor-button-link elementor-button elementor-size-sm\" role=\"button\">\n                        <span class=\"elementor-button-content-wrapper\">\n\t\t\t                <span class=\"elementor-button-icon elementor-align-icon-right\">\n\t\t\t\t<svg aria-hidden=\"true\" class=\"e-font-icon-svg e-fas-chevron-right\" viewBox=\"0 0 320 512\" xmlns=\"http:\/\/www.w3.org\/2000\/svg\"><path d=\"M285.476 272.971L91.132 467.314c-9.373 9.373-24.569 9.373-33.941 0l-22.667-22.667c-9.357-9.357-9.375-24.522-.04-33.901L188.505 256 34.484 101.255c-9.335-9.379-9.317-24.544.04-33.901l22.667-22.667c9.373-9.373 24.569-9.373 33.941 0L285.475 239.03c9.373 9.372 9.373 24.568.001 33.941z\"><\/path><\/svg>\t\t\t<\/span>\n            \t\t\t<span class=\"elementor-button-text\">Ik ben een professional en wil graag de beurs bezoeken<\/span>\n\t\t<\/span>\n                    <\/a>\n        <\/div>\n        \t\t\t\t<\/div>\n\t\t\t\t<\/div>\n\t\t\t\t<div class=\"elementor-element elementor-element-953440a elementor-hidden-desktop elementor-hidden-tablet elementor-hidden-mobile elementor-widget elementor-widget-dynamic-button\" data-id=\"953440a\" data-element_type=\"widget\" data-widget_type=\"dynamic-button.default\">\n\t\t\t\t<div class=\"elementor-widget-container\">\n\t\t\t\t\t        <div class=\"elementor-button-wrapper\">\n            <a href=\"https:\/\/registration.gesevent.com\/survey\/13uummslclxf5\" class=\"elementor-button-link elementor-button elementor-size-sm\" role=\"button\">\n                        <span class=\"elementor-button-content-wrapper\">\n\t\t\t\t\t\t<span class=\"elementor-button-text\">Ik ben docent en zou graag met mijn klas de beurs bezoeken<\/span>\n\t\t<\/span>\n                    <\/a>\n        <\/div>\n        \t\t\t\t<\/div>\n\t\t\t\t<\/div>\n\t\t\t\t<\/div>\n\t\t\t\t<\/div>\n\t\t\t\t<\/div>\n\t\t\t\t\t<\/div>\n\t\t\t\t<\/div>\n\t\t<div class=\"elementor-element elementor-element-9e597b6 e-flex e-con-boxed e-con e-parent\" data-id=\"9e597b6\" data-element_type=\"container\">\n\t\t\t\t\t<div class=\"e-con-inner\">\n\t\t<div class=\"elementor-element elementor-element-3f7c47f e-con-full e-flex e-con e-child\" data-id=\"3f7c47f\" data-element_type=\"container\" data-settings=\"{&quot;background_background&quot;:&quot;classic&quot;}\">\n\t\t<div class=\"elementor-element elementor-element-9855527 e-con-full e-flex e-con e-child\" data-id=\"9855527\" data-element_type=\"container\">\n\t\t\t\t<div class=\"elementor-element elementor-element-12e3f76 elementor-cta--layout-image-above elementor-cta--valign-middle elementor-cta--skin-classic elementor-animated-content elementor-bg-transform elementor-bg-transform-zoom-in elementor-widget elementor-widget-call-to-action\" data-id=\"12e3f76\" data-element_type=\"widget\" data-widget_type=\"call-to-action.default\">\n\t\t\t\t<div class=\"elementor-widget-container\">\n\t\t\t\t\t\t\t<a class=\"elementor-cta\" href=\"https:\/\/www.saveurs-metiers.be\/nl\/exhibitor\/\">\n\t\t\t\t\t<div class=\"elementor-cta__bg-wrapper\">\n\t\t\t\t<div class=\"elementor-cta__bg elementor-bg\" style=\"background-image: url(https:\/\/easyfairsassets.com\/sites\/194\/2022\/09\/salon-saveur-201.jpg);\" role=\"img\" aria-label=\"Namur, 27\/01\/2020\nCommande Easyfairs : Saveurs &amp; M\u00e9tiers, un salon professionnel d\u00e9di\u00e9 aux m\u00e9tiers de bouche et au retail alimentaire\nPix : \nCredit : Frederic Sierakowski \/ Isopix\"><\/div>\n\t\t\t\t<div class=\"elementor-cta__bg-overlay\"><\/div>\n\t\t\t<\/div>\n\t\t\t\t\t\t\t<div class=\"elementor-cta__content\">\n\t\t\t\t\n\t\t\t\t\t\t\t\t\t<h2 class=\"elementor-cta__title elementor-cta__content-item elementor-content-item\">\n\t\t\t\t\t\t100 exposanten\t\t\t\t\t<\/h2>\n\t\t\t\t\n\t\t\t\t\t\t\t\t\t<div class=\"elementor-cta__description elementor-cta__content-item elementor-content-item\">\n\t\t\t\t\t\t<p>Internationale merken of veelbelovende start-ups, leveranciers en producenten van streekproducten... Allemaal komen ze hun nieuwe producten voorstellen die morgen in de winkelrekken terug te vinden zullen zijn, maar ook uitrusting en materiaal van topkwaliteit.<\/p>\n\t\t\t\t\t<\/div>\n\t\t\t\t\n\t\t\t\t\t\t\t\t\t<div class=\"elementor-cta__button-wrapper elementor-cta__content-item elementor-content-item \">\n\t\t\t\t\t<span class=\"elementor-cta__button elementor-button elementor-size-\">\n\t\t\t\t\t\tExposantenlijst\t\t\t\t\t<\/span>\n\t\t\t\t\t<\/div>\n\t\t\t\t\t\t\t<\/div>\n\t\t\t\t\t\t<\/a>\n\t\t\t\t\t\t<\/div>\n\t\t\t\t<\/div>\n\t\t\t\t<\/div>\n\t\t\t\t<\/div>\n\t\t<div class=\"elementor-element elementor-element-9c6d802 e-con-full e-flex e-con e-child\" data-id=\"9c6d802\" data-element_type=\"container\" data-settings=\"{&quot;background_background&quot;:&quot;classic&quot;}\">\n\t\t<div class=\"elementor-element elementor-element-c129589 e-con-full e-flex e-con e-child\" data-id=\"c129589\" data-element_type=\"container\">\n\t\t\t\t<div class=\"elementor-element elementor-element-b4ccddd elementor-cta--layout-image-above elementor-cta--valign-middle elementor-cta--skin-classic elementor-animated-content elementor-bg-transform elementor-bg-transform-zoom-in elementor-widget elementor-widget-call-to-action\" data-id=\"b4ccddd\" data-element_type=\"widget\" data-widget_type=\"call-to-action.default\">\n\t\t\t\t<div class=\"elementor-widget-container\">\n\t\t\t\t\t\t\t<a class=\"elementor-cta\" href=\"https:\/\/www.saveurs-metiers.be\/fr\/saveurs-de-chez-nous\/\">\n\t\t\t\t\t<div class=\"elementor-cta__bg-wrapper\">\n\t\t\t\t<div class=\"elementor-cta__bg elementor-bg\" style=\"background-image: url(https:\/\/easyfairsassets.com\/sites\/194\/2022\/09\/salon-saveur-193.jpg);\" role=\"img\" aria-label=\"Namur, 27\/01\/2020\nCommande Easyfairs : Saveurs &amp; M\u00e9tiers, un salon professionnel d\u00e9di\u00e9 aux m\u00e9tiers de bouche et au retail alimentaire\nPix : \nCredit : Frederic Sierakowski \/ Isopix\"><\/div>\n\t\t\t\t<div class=\"elementor-cta__bg-overlay\"><\/div>\n\t\t\t<\/div>\n\t\t\t\t\t\t\t<div class=\"elementor-cta__content\">\n\t\t\t\t\n\t\t\t\t\t\t\t\t\t<h2 class=\"elementor-cta__title elementor-cta__content-item elementor-content-item\">\n\t\t\t\t\t\t\"Saveurs de chez nous\"\t\t\t\t\t<\/h2>\n\t\t\t\t\n\t\t\t\t\t\t\t\t\t<div class=\"elementor-cta__description elementor-cta__content-item elementor-content-item\">\n\t\t\t\t\t\t<p>Waalse producenten en ambachtslui stellen hun gastronomische producten voor in de zone \"Saveurs de chez nous\", in samenwerking met het Waals Agentschap voor de Promotie van de Kwaliteitslandbouw (APAQ-W).<\/p>\n\t\t\t\t\t<\/div>\n\t\t\t\t\n\t\t\t\t\t\t\t\t\t<div class=\"elementor-cta__button-wrapper elementor-cta__content-item elementor-content-item \">\n\t\t\t\t\t<span class=\"elementor-cta__button elementor-button elementor-size-\">\n\t\t\t\t\t\tSaveurs de chez nous\t\t\t\t\t<\/span>\n\t\t\t\t\t<\/div>\n\t\t\t\t\t\t\t<\/div>\n\t\t\t\t\t\t<\/a>\n\t\t\t\t\t\t<\/div>\n\t\t\t\t<\/div>\n\t\t\t\t<\/div>\n\t\t\t\t<\/div>\n\t\t<div class=\"elementor-element elementor-element-b219038 e-con-full e-flex e-con e-child\" data-id=\"b219038\" data-element_type=\"container\" data-settings=\"{&quot;background_background&quot;:&quot;classic&quot;}\">\n\t\t<div class=\"elementor-element elementor-element-149fec2 e-con-full e-flex e-con e-child\" data-id=\"149fec2\" data-element_type=\"container\">\n\t\t\t\t<div class=\"elementor-element elementor-element-21f8370 elementor-cta--layout-image-above elementor-cta--valign-middle elementor-cta--skin-classic elementor-animated-content elementor-bg-transform elementor-bg-transform-zoom-in elementor-widget elementor-widget-call-to-action\" data-id=\"21f8370\" data-element_type=\"widget\" data-widget_type=\"call-to-action.default\">\n\t\t\t\t<div class=\"elementor-widget-container\">\n\t\t\t\t\t\t\t<a class=\"elementor-cta\" href=\"https:\/\/www.saveurs-metiers.be\/fr\/market-place\/\">\n\t\t\t\t\t<div class=\"elementor-cta__bg-wrapper\">\n\t\t\t\t<div class=\"elementor-cta__bg elementor-bg\" style=\"background-image: url(https:\/\/easyfairsassets.com\/sites\/194\/2022\/09\/salon-saveur-107.jpg);\" role=\"img\" aria-label=\"Namur, 27\/01\/2020\nCommande Easyfairs : Saveurs &amp; M\u00e9tiers, un salon professionnel d\u00e9di\u00e9 aux m\u00e9tiers de bouche et au retail alimentaire\nPix : \nCredit : Frederic Sierakowski \/ Isopix\"><\/div>\n\t\t\t\t<div class=\"elementor-cta__bg-overlay\"><\/div>\n\t\t\t<\/div>\n\t\t\t\t\t\t\t<div class=\"elementor-cta__content\">\n\t\t\t\t\n\t\t\t\t\t\t\t\t\t<h2 class=\"elementor-cta__title elementor-cta__content-item elementor-content-item\">\n\t\t\t\t\t\tMarket Place: nieuwe food trends \t\t\t\t\t<\/h2>\n\t\t\t\t\n\t\t\t\t\t\t\t\t\t<div class=\"elementor-cta__description elementor-cta__content-item elementor-content-item\">\n\t\t\t\t\t\t<p>Ontdek de voedseltrends die voldoen aan de nieuwe verwachtingen van de consument: korte distributiekanalen, biologische producten, fair trade, natuurlijke \"gezonde\" voeding, veggie-vegan en speciale di\u00ebten (\"free from\"), zero waste en anti-afval.<\/p>\n\t\t\t\t\t<\/div>\n\t\t\t\t\n\t\t\t\t\t\t\t\t\t<div class=\"elementor-cta__button-wrapper elementor-cta__content-item elementor-content-item \">\n\t\t\t\t\t<span class=\"elementor-cta__button elementor-button elementor-size-\">\n\t\t\t\t\t\tMarket Place\t\t\t\t\t<\/span>\n\t\t\t\t\t<\/div>\n\t\t\t\t\t\t\t<\/div>\n\t\t\t\t\t\t<\/a>\n\t\t\t\t\t\t<\/div>\n\t\t\t\t<\/div>\n\t\t\t\t<\/div>\n\t\t\t\t<\/div>\n\t\t<div class=\"elementor-element elementor-element-dd7bd9d e-con-full e-flex e-con e-child\" data-id=\"dd7bd9d\" data-element_type=\"container\" data-settings=\"{&quot;background_background&quot;:&quot;classic&quot;}\">\n\t\t<div class=\"elementor-element elementor-element-eeca522 e-con-full e-flex e-con e-child\" data-id=\"eeca522\" data-element_type=\"container\">\n\t\t\t\t<div class=\"elementor-element elementor-element-8692076 elementor-cta--layout-image-above elementor-cta--valign-middle elementor-cta--skin-classic elementor-animated-content elementor-bg-transform elementor-bg-transform-zoom-in elementor-widget elementor-widget-call-to-action\" data-id=\"8692076\" data-element_type=\"widget\" data-widget_type=\"call-to-action.default\">\n\t\t\t\t<div class=\"elementor-widget-container\">\n\t\t\t\t\t\t\t<a class=\"elementor-cta\" href=\"https:\/\/www.saveurs-metiers.be\/fr\/programme\/\">\n\t\t\t\t\t<div class=\"elementor-cta__bg-wrapper\">\n\t\t\t\t<div class=\"elementor-cta__bg elementor-bg\" style=\"background-image: url(https:\/\/easyfairsassets.com\/sites\/194\/2024\/10\/Saveurs-metiers-2023-Namur-Expo-Sebastien-Roberty-152-1024x683.jpg);\" role=\"img\" aria-label=\"Saveurs &amp; m\u00e9tiers 2023 - Namur Expo - S\u00e9bastien Roberty (152)\"><\/div>\n\t\t\t\t<div class=\"elementor-cta__bg-overlay\"><\/div>\n\t\t\t<\/div>\n\t\t\t\t\t\t\t<div class=\"elementor-cta__content\">\n\t\t\t\t\n\t\t\t\t\t\t\t\t\t<h2 class=\"elementor-cta__title elementor-cta__content-item elementor-content-item\">\n\t\t\t\t\t\tDemonstraties, conferenties &amp; workshops\t\t\t\t\t<\/h2>\n\t\t\t\t\n\t\t\t\t\t\t\t\t\t<div class=\"elementor-cta__description elementor-cta__content-item elementor-content-item\">\n\t\t\t\t\t\t<p>Laat je verrassen door demonstraties van gevestigde of opkomende vakmensen, of bespreek de uitdagingen en trends in jouw sector samen met de sprekers op het conferentieprogramma.<\/p>\n\t\t\t\t\t<\/div>\n\t\t\t\t\n\t\t\t\t\t\t\t\t\t<div class=\"elementor-cta__button-wrapper elementor-cta__content-item elementor-content-item \">\n\t\t\t\t\t<span class=\"elementor-cta__button elementor-button elementor-size-\">\n\t\t\t\t\t\tProgramma\t\t\t\t\t<\/span>\n\t\t\t\t\t<\/div>\n\t\t\t\t\t\t\t<\/div>\n\t\t\t\t\t\t<\/a>\n\t\t\t\t\t\t<\/div>\n\t\t\t\t<\/div>\n\t\t\t\t<\/div>\n\t\t\t\t<\/div>\n\t\t\t\t\t<\/div>\n\t\t\t\t<\/div>\n\t\t<div class=\"elementor-element elementor-element-b12bd8c e-flex e-con-boxed e-con e-parent\" data-id=\"b12bd8c\" data-element_type=\"container\">\n\t\t\t\t\t<div class=\"e-con-inner\">\n\t\t\t\t<div class=\"elementor-element elementor-element-c2150ea elementor-widget elementor-widget-heading\" data-id=\"c2150ea\" data-element_type=\"widget\" data-widget_type=\"heading.default\">\n\t\t\t\t<div class=\"elementor-widget-container\">\n\t\t\t\t\t<h2 class=\"elementor-heading-title elementor-size-default\">Onze partners<\/h2>\t\t\t\t<\/div>\n\t\t\t\t<\/div>\n\t\t<div class=\"elementor-element elementor-element-49d4287 e-flex e-con-boxed e-con e-child\" data-id=\"49d4287\" data-element_type=\"container\" data-settings=\"{&quot;background_background&quot;:&quot;classic&quot;}\">\n\t\t\t\t\t<div class=\"e-con-inner\">\n\t\t\t\t<div class=\"elementor-element elementor-element-cc0dd48 elementor-skin-carousel elementor-widget elementor-widget-media-carousel\" data-id=\"cc0dd48\" data-element_type=\"widget\" data-settings=\"{&quot;slides_per_view&quot;:&quot;6&quot;,&quot;autoplay_speed&quot;:&quot;4000&quot;,&quot;slides_per_view_tablet&quot;:&quot;4&quot;,&quot;slides_per_view_mobile&quot;:&quot;2&quot;,&quot;slides_to_scroll&quot;:&quot;1&quot;,&quot;slides_to_scroll_tablet&quot;:&quot;1&quot;,&quot;slides_to_scroll_mobile&quot;:&quot;1&quot;,&quot;space_between&quot;:{&quot;unit&quot;:&quot;px&quot;,&quot;size&quot;:30,&quot;sizes&quot;:[]},&quot;skin&quot;:&quot;carousel&quot;,&quot;effect&quot;:&quot;slide&quot;,&quot;speed&quot;:500,&quot;autoplay&quot;:&quot;yes&quot;,&quot;loop&quot;:&quot;yes&quot;,&quot;pause_on_hover&quot;:&quot;yes&quot;,&quot;space_between_tablet&quot;:{&quot;unit&quot;:&quot;px&quot;,&quot;size&quot;:10,&quot;sizes&quot;:[]},&quot;space_between_mobile&quot;:{&quot;unit&quot;:&quot;px&quot;,&quot;size&quot;:10,&quot;sizes&quot;:[]}}\" data-widget_type=\"media-carousel.default\">\n\t\t\t\t<div class=\"elementor-widget-container\">\n\t\t\t\t\t\t\t\t\t<div class=\"elementor-swiper\">\n\t\t\t\t\t<div class=\"elementor-main-swiper swiper\" role=\"region\" aria-roledescription=\"carousel\" aria-label=\"Slides\">\n\t\t\t\t<div class=\"swiper-wrapper\">\n\t\t\t\t\t\t\t\t\t\t\t<div class=\"swiper-slide\" role=\"group\" aria-roledescription=\"slide\">\n\t\t\t\t\t\t\t<a href=\"http:\/\/www.apaqw.be\">\t\t<div class=\"elementor-carousel-image\" role=\"img\" aria-label=\"apaqw_200 (1)\" style=\"background-image: url(&#039;https:\/\/easyfairsassets.com\/sites\/194\/2019\/08\/apaqw_200-1.png&#039;)\">\n\n\t\t\t\n\t\t\t\t\t<\/div>\n\t\t<\/a>\t\t\t\t\t\t<\/div>\n\t\t\t\t\t\t\t\t\t\t\t<div class=\"swiper-slide\" role=\"group\" aria-roledescription=\"slide\">\n\t\t\t\t\t\t\t<a href=\"https:\/\/bakery.pmg.be\/nl\/magazines\/\">\t\t<div class=\"elementor-carousel-image\" role=\"img\" aria-label=\"bakery_200 (1)\" style=\"background-image: url(&#039;https:\/\/easyfairsassets.com\/sites\/194\/2019\/12\/bakery_200-1.png&#039;)\">\n\n\t\t\t\n\t\t\t\t\t<\/div>\n\t\t<\/a>\t\t\t\t\t\t<\/div>\n\t\t\t\t\t\t\t\t\t\t\t<div class=\"swiper-slide\" role=\"group\" aria-roledescription=\"slide\">\n\t\t\t\t\t\t\t<a href=\"https:\/\/delicatesse.pmg.be\/nl\/magazines\/\">\t\t<div class=\"elementor-carousel-image\" role=\"img\" aria-label=\"bakery_200\" style=\"background-image: url(&#039;https:\/\/easyfairsassets.com\/sites\/194\/2019\/12\/bakery_200.png&#039;)\">\n\n\t\t\t\n\t\t\t\t\t<\/div>\n\t\t<\/a>\t\t\t\t\t\t<\/div>\n\t\t\t\t\t\t\t\t\t\t\t<div class=\"swiper-slide\" role=\"group\" aria-roledescription=\"slide\">\n\t\t\t\t\t\t\t<a href=\"https:\/\/retail.pmg.be\/fr\/home\/\" target=\"_blank\">\t\t<div class=\"elementor-carousel-image\" role=\"img\" aria-label=\"Retail Mag\" style=\"background-image: url(&#039;https:\/\/easyfairsassets.com\/sites\/194\/2022\/05\/Retail-PMG-150x150-1.png&#039;)\">\n\n\t\t\t\n\t\t\t\t\t<\/div>\n\t\t<\/a>\t\t\t\t\t\t<\/div>\n\t\t\t\t\t\t\t\t\t\t\t<div class=\"swiper-slide\" role=\"group\" aria-roledescription=\"slide\">\n\t\t\t\t\t\t\t<a href=\"https:\/\/chocolaterie.pmg.be\/fr\/home\/\" target=\"_blank\">\t\t<div class=\"elementor-carousel-image\" role=\"img\" aria-label=\"Chocolaterie\" style=\"background-image: url(&#039;https:\/\/easyfairsassets.com\/sites\/194\/2022\/05\/Chocolaterie-PMG-150x150-1.png&#039;)\">\n\n\t\t\t\n\t\t\t\t\t<\/div>\n\t\t<\/a>\t\t\t\t\t\t<\/div>\n\t\t\t\t\t\t\t\t\t\t\t<div class=\"swiper-slide\" role=\"group\" aria-roledescription=\"slide\">\n\t\t\t\t\t\t\t<a href=\"https:\/\/www.aspirantbaker.be\/\">\t\t<div class=\"elementor-carousel-image\" role=\"img\" aria-label=\"Logo Ambassadeurs pain NB 300 x 300\" style=\"background-image: url(&#039;https:\/\/easyfairsassets.com\/sites\/194\/2022\/10\/Logo-Ambassadeurs-pain-NB-300-x-300.png&#039;)\">\n\n\t\t\t\n\t\t\t\t\t<\/div>\n\t\t<\/a>\t\t\t\t\t\t<\/div>\n\t\t\t\t\t\t\t\t\t<\/div>\n\t\t\t\t\t\t\t\t\t\t\t\t\t\t\t\t\t\t\t\t\t<\/div>\n\t\t\t\t<\/div>\n\t\t\t\t\t\t\t\t<\/div>\n\t\t\t\t<\/div>\n\t\t\t\t\t<\/div>\n\t\t\t\t<\/div>\n\t\t\t\t\t<\/div>\n\t\t\t\t<\/div>\n\t\t\t\t<\/div>\n\t\t","protected":false},"excerpt":{"rendered":"<p>Registreer nu! Registreer nu bij Saveurs &amp; M\u00e9tiers voor 3 dagen netwerken en ontmoetingen met 100 exposanten, demonstraties,\u00a0 en een programma van conferenties in het hart van de actualiteit van de sector. Ik ben een professional en wil graag de beurs bezoeken Ik ben docent en zou graag met mijn klas de beurs bezoeken 100 [&hellip;]<\/p>\n","protected":false},"author":139,"featured_media":0,"parent":0,"menu_order":0,"comment_status":"closed","ping_status":"closed","template":"","meta":{"_seopress_robots_primary_cat":"","_seopress_titles_title":"Saveurs & M\u00e9tiers vakbeurs 2 | 3 | 4 februari 2025 in Namur Expo","_seopress_titles_desc":"Alle nieuws voor food retail.\r\n100 exposanten: grondstoffen, winkelinrichting, uitrusting voor levensmiddelenwinkels","_seopress_robots_index":"","footnotes":""},"class_list":["post-13251","page","type-page","status-publish","hentry"],"_links":{"self":[{"href":"https:\/\/www.saveurs-metiers.be\/nl\/wp-json\/wp\/v2\/pages\/13251","targetHints":{"allow":["GET"]}}],"collection":[{"href":"https:\/\/www.saveurs-metiers.be\/nl\/wp-json\/wp\/v2\/pages"}],"about":[{"href":"https:\/\/www.saveurs-metiers.be\/nl\/wp-json\/wp\/v2\/types\/page"}],"author":[{"embeddable":true,"href":"https:\/\/www.saveurs-metiers.be\/nl\/wp-json\/wp\/v2\/users\/139"}],"replies":[{"embeddable":true,"href":"https:\/\/www.saveurs-metiers.be\/nl\/wp-json\/wp\/v2\/comments?post=13251"}],"version-history":[{"count":5,"href":"https:\/\/www.saveurs-metiers.be\/nl\/wp-json\/wp\/v2\/pages\/13251\/revisions"}],"predecessor-version":[{"id":38659,"href":"https:\/\/www.saveurs-metiers.be\/nl\/wp-json\/wp\/v2\/pages\/13251\/revisions\/38659"}],"wp:attachment":[{"href":"https:\/\/www.saveurs-metiers.be\/nl\/wp-json\/wp\/v2\/media?parent=13251"}],"curies":[{"name":"wp","href":"https:\/\/api.w.org\/{rel}","templated":true}]}}