{"id":41191,"date":"2025-12-05T15:02:59","date_gmt":"2025-12-05T14:02:59","guid":{"rendered":"https:\/\/www.saveurs-metiers.be\/?page_id=41191"},"modified":"2025-12-08T14:50:11","modified_gmt":"2025-12-08T13:50:11","slug":"application-easyfairs-belgium","status":"publish","type":"page","link":"https:\/\/www.saveurs-metiers.be\/fr\/application-easyfairs-belgium\/","title":{"rendered":"Application Easyfairs Belgium"},"content":{"rendered":"\t\t<div data-elementor-type=\"wp-post\" data-elementor-id=\"41191\" class=\"elementor elementor-41191\" data-elementor-post-type=\"page\">\n\t\t\t\t<div class=\"elementor-element elementor-element-4d6f35c e-flex e-con-boxed e-con e-parent\" data-id=\"4d6f35c\" data-element_type=\"container\" data-settings=\"{&quot;background_background&quot;:&quot;slideshow&quot;,&quot;background_slideshow_gallery&quot;:[],&quot;background_slideshow_loop&quot;:&quot;yes&quot;,&quot;background_slideshow_slide_duration&quot;:5000,&quot;background_slideshow_slide_transition&quot;:&quot;fade&quot;,&quot;background_slideshow_transition_duration&quot;:500}\">\n\t\t\t\t\t<div class=\"e-con-inner\">\n\t\t<div class=\"elementor-element elementor-element-7862ef1 e-con-full e-flex e-con e-child\" data-id=\"7862ef1\" data-element_type=\"container\" data-settings=\"{&quot;background_background&quot;:&quot;slideshow&quot;,&quot;background_slideshow_gallery&quot;:[],&quot;background_slideshow_loop&quot;:&quot;yes&quot;,&quot;background_slideshow_slide_duration&quot;:5000,&quot;background_slideshow_slide_transition&quot;:&quot;fade&quot;,&quot;background_slideshow_transition_duration&quot;:500}\">\n\t\t\t\t<div class=\"elementor-element elementor-element-ff7d7d9 elementor-widget elementor-widget-heading\" data-id=\"ff7d7d9\" data-element_type=\"widget\" data-widget_type=\"heading.default\">\n\t\t\t\t<div class=\"elementor-widget-container\">\n\t\t\t\t\t<h1 class=\"elementor-heading-title elementor-size-default\">Optimisez votre participation au salon avec l\u2019application Easyfairs Belgium<\/h1>\t\t\t\t<\/div>\n\t\t\t\t<\/div>\n\t\t\t\t<\/div>\n\t\t\t\t\t<\/div>\n\t\t\t\t<\/div>\n\t\t<div class=\"elementor-element elementor-element-b3b0a4f e-flex e-con-boxed e-con e-parent\" data-id=\"b3b0a4f\" data-element_type=\"container\">\n\t\t\t\t\t<div class=\"e-con-inner\">\n\t\t\t\t<div class=\"elementor-element elementor-element-e56cd99 elementor-widget elementor-widget-text-editor\" data-id=\"e56cd99\" data-element_type=\"widget\" data-widget_type=\"text-editor.default\">\n\t\t\t\t<div class=\"elementor-widget-container\">\n\t\t\t\t\t\t\t\t\t<p data-start=\"37\" data-end=\"575\">L<strong>\u2019application Easyfairs Belgium<\/strong> fait bien plus que g\u00e9rer votre planning. C\u2019est <strong>votre assistant personnel<\/strong> pour le salon, qui vous accompagne d\u00e8s la pr\u00e9paration de votre participation et jusqu\u2019apr\u00e8s l\u2019\u00e9v\u00e9nement. En reliant le profil de votre entreprise \u00e0 l\u2019application via <strong>My Easyfairs<\/strong>, vos informations sont automatiquement remplies. Il ne vous reste plus qu\u2019\u00e0 planifier votre agenda et \u00e0 inviter vos coll\u00e8gues, afin que les visiteurs puissent prendre contact et r\u00e9server des rendez-vous \u00e0 l\u2019avance.<\/p><p data-start=\"577\" data-end=\"960\" data-is-last-node=\"\" data-is-only-node=\"\">L\u2019application <strong>propose des recommandations personnalis\u00e9es<\/strong> en fonction de <strong>vos int\u00e9r\u00eats et de vos objectifs professionnels<\/strong>. Elle vous sugg\u00e8re automatiquement des visiteurs avec lesquels vous pourrez <strong>\u00e9tablir des connexions pertinentes<\/strong>. De plus, vous pouvez facilement communiquer, planifier des rendez-vous et adapter votre pr\u00e9sence aux besoins et objectifs de votre entreprise.<\/p>\t\t\t\t\t\t\t\t<\/div>\n\t\t\t\t<\/div>\n\t\t\t\t\t<\/div>\n\t\t\t\t<\/div>\n\t\t<div class=\"elementor-element elementor-element-1f8ab16 e-flex e-con-boxed e-con e-parent\" data-id=\"1f8ab16\" data-element_type=\"container\">\n\t\t\t\t\t<div class=\"e-con-inner\">\n\t\t<div class=\"elementor-element elementor-element-dc218e5 e-con-full e-flex e-con e-child\" data-id=\"dc218e5\" data-element_type=\"container\">\n\t\t<div class=\"elementor-element elementor-element-c263a8b e-flex e-con-boxed e-con e-child\" data-id=\"c263a8b\" data-element_type=\"container\" data-settings=\"{&quot;background_background&quot;:&quot;classic&quot;}\">\n\t\t\t\t\t<div class=\"e-con-inner\">\n\t\t<div class=\"elementor-element elementor-element-ef056c6 e-con-full e-flex e-con e-child\" data-id=\"ef056c6\" data-element_type=\"container\">\n\t\t\t\t<div class=\"elementor-element elementor-element-8116973 elementor-widget elementor-widget-image\" data-id=\"8116973\" data-element_type=\"widget\" data-widget_type=\"image.default\">\n\t\t\t\t<div class=\"elementor-widget-container\">\n\t\t\t\t\t\t\t\t\t\t\t\t\t\t\t<img fetchpriority=\"high\" decoding=\"async\" width=\"800\" height=\"534\" src=\"https:\/\/easyfairsassets.com\/sites\/194\/2025\/02\/Saveurs-metiers-namur-expo-2025-sebastien-roberty-139-1024x683.jpg\" class=\"attachment-large size-large wp-image-40107\" alt=\"\" srcset=\"https:\/\/easyfairsassets.com\/sites\/194\/2025\/02\/Saveurs-metiers-namur-expo-2025-sebastien-roberty-139-1024x683.jpg 1024w, https:\/\/easyfairsassets.com\/sites\/194\/2025\/02\/Saveurs-metiers-namur-expo-2025-sebastien-roberty-139-300x200.jpg 300w, https:\/\/easyfairsassets.com\/sites\/194\/2025\/02\/Saveurs-metiers-namur-expo-2025-sebastien-roberty-139-768x512.jpg 768w, https:\/\/easyfairsassets.com\/sites\/194\/2025\/02\/Saveurs-metiers-namur-expo-2025-sebastien-roberty-139-1536x1024.jpg 1536w, https:\/\/easyfairsassets.com\/sites\/194\/2025\/02\/Saveurs-metiers-namur-expo-2025-sebastien-roberty-139.jpg 1920w\" sizes=\"(max-width: 800px) 100vw, 800px\" \/>\t\t\t\t\t\t\t\t\t\t\t\t\t\t\t<\/div>\n\t\t\t\t<\/div>\n\t\t\t\t<\/div>\n\t\t<div class=\"elementor-element elementor-element-ca2f33d e-con-full e-flex e-con e-child\" data-id=\"ca2f33d\" data-element_type=\"container\">\n\t\t\t\t<div class=\"elementor-element elementor-element-30ec8bd elementor-widget elementor-widget-heading\" data-id=\"30ec8bd\" data-element_type=\"widget\" data-widget_type=\"heading.default\">\n\t\t\t\t<div class=\"elementor-widget-container\">\n\t\t\t\t\t<h3 class=\"elementor-heading-title elementor-size-default\">Comment \u00e7a fonctionne ?<\/h3>\t\t\t\t<\/div>\n\t\t\t\t<\/div>\n\t\t\t\t<div class=\"elementor-element elementor-element-e6ddb23 elementor-widget elementor-widget-text-editor\" data-id=\"e6ddb23\" data-element_type=\"widget\" data-widget_type=\"text-editor.default\">\n\t\t\t\t<div class=\"elementor-widget-container\">\n\t\t\t\t\t\t\t\t\t<ol><li><strong>Enregistrez votre \u00e9quipe<\/strong><br \/>D\u00e8s que le personnel du stand est enregistr\u00e9, il re\u00e7oit automatiquement une invitation par e-mail pour cr\u00e9er son compte personnel dans l\u2019application Easyfairs Belgium.<\/li><li><strong>Compl\u00e9tez votre profil<\/strong><br \/>Remplissez votre profil utilisateur en indiquant vos centres d\u2019int\u00e9r\u00eat et ce que vous recherchez lors de l\u2019\u00e9v\u00e9nement. Vous recevrez ainsi des connexions pertinentes et des recommandations personnalis\u00e9es.<\/li><li><strong data-start=\"484\" data-end=\"513\">T\u00e9l\u00e9chargez l\u2019application<\/strong><br data-start=\"513\" data-end=\"516\" \/>Installez l\u2019application sur votre t\u00e9l\u00e9phone ou tablette et commencez imm\u00e9diatement \u00e0 planifier des rendez-vous, \u00e0 \u00e9tablir des connexions et \u00e0 g\u00e9rer votre participation au salon, o\u00f9 et quand vous le souhaitez.<\/li><\/ol>\t\t\t\t\t\t\t\t<\/div>\n\t\t\t\t<\/div>\n\t\t\t\t<div class=\"elementor-element elementor-element-78890a6 elementor-widget elementor-widget-button\" data-id=\"78890a6\" data-element_type=\"widget\" data-widget_type=\"button.default\">\n\t\t\t\t<div class=\"elementor-widget-container\">\n\t\t\t\t\t\t\t\t\t<div class=\"elementor-button-wrapper\">\n\t\t\t\t\t<a class=\"elementor-button elementor-button-link elementor-size-sm\" href=\"https:\/\/play.google.com\/store\/apps\/details?id=events.grip.efbe1047&#038;hl=en\">\n\t\t\t\t\t\t<span class=\"elementor-button-content-wrapper\">\n\t\t\t\t\t\t\t\t\t<span class=\"elementor-button-text\">Google Play Store<\/span>\n\t\t\t\t\t<\/span>\n\t\t\t\t\t<\/a>\n\t\t\t\t<\/div>\n\t\t\t\t\t\t\t\t<\/div>\n\t\t\t\t<\/div>\n\t\t\t\t<div class=\"elementor-element elementor-element-06bdaee elementor-widget elementor-widget-button\" data-id=\"06bdaee\" data-element_type=\"widget\" data-widget_type=\"button.default\">\n\t\t\t\t<div class=\"elementor-widget-container\">\n\t\t\t\t\t\t\t\t\t<div class=\"elementor-button-wrapper\">\n\t\t\t\t\t<a class=\"elementor-button elementor-button-link elementor-size-sm\" href=\"https:\/\/apps.apple.com\/nl\/app\/easyfairs-belgium\/id6680193572\">\n\t\t\t\t\t\t<span class=\"elementor-button-content-wrapper\">\n\t\t\t\t\t\t\t\t\t<span class=\"elementor-button-text\">Apple App Store<\/span>\n\t\t\t\t\t<\/span>\n\t\t\t\t\t<\/a>\n\t\t\t\t<\/div>\n\t\t\t\t\t\t\t\t<\/div>\n\t\t\t\t<\/div>\n\t\t\t\t<\/div>\n\t\t\t\t\t<\/div>\n\t\t\t\t<\/div>\n\t\t\t\t<\/div>\n\t\t\t\t\t<\/div>\n\t\t\t\t<\/div>\n\t\t<div class=\"elementor-element elementor-element-7dc0a27 e-flex e-con-boxed e-con e-parent\" data-id=\"7dc0a27\" data-element_type=\"container\">\n\t\t\t\t\t<div class=\"e-con-inner\">\n\t\t<div class=\"elementor-element elementor-element-bfe59fc e-con-full e-flex e-con e-child\" data-id=\"bfe59fc\" data-element_type=\"container\" data-settings=\"{&quot;background_background&quot;:&quot;gradient&quot;}\">\n\t\t\t\t<div class=\"elementor-element elementor-element-1445c49 elementor-widget elementor-widget-heading\" data-id=\"1445c49\" data-element_type=\"widget\" data-widget_type=\"heading.default\">\n\t\t\t\t<div class=\"elementor-widget-container\">\n\t\t\t\t\t<h1 class=\"elementor-heading-title elementor-size-default\">Commencez d\u00e9j\u00e0 \u00e0 planifier votre participation<\/h1>\t\t\t\t<\/div>\n\t\t\t\t<\/div>\n\t\t\t\t<div class=\"elementor-element elementor-element-1530f12 elementor-view-default elementor-widget elementor-widget-icon\" data-id=\"1530f12\" data-element_type=\"widget\" data-widget_type=\"icon.default\">\n\t\t\t\t<div class=\"elementor-widget-container\">\n\t\t\t\t\t\t\t<div class=\"elementor-icon-wrapper\">\n\t\t\t<div class=\"elementor-icon\">\n\t\t\t<svg aria-hidden=\"true\" class=\"e-font-icon-svg e-fas-rocket\" viewBox=\"0 0 512 512\" xmlns=\"http:\/\/www.w3.org\/2000\/svg\"><path d=\"M505.12019,19.09375c-1.18945-5.53125-6.65819-11-12.207-12.1875C460.716,0,435.507,0,410.40747,0,307.17523,0,245.26909,55.20312,199.05238,128H94.83772c-16.34763.01562-35.55658,11.875-42.88664,26.48438L2.51562,253.29688A28.4,28.4,0,0,0,0,264a24.00867,24.00867,0,0,0,24.00582,24H127.81618l-22.47457,22.46875c-11.36521,11.36133-12.99607,32.25781,0,45.25L156.24582,406.625c11.15623,11.1875,32.15619,13.15625,45.27726,0l22.47457-22.46875V488a24.00867,24.00867,0,0,0,24.00581,24,28.55934,28.55934,0,0,0,10.707-2.51562l98.72834-49.39063c14.62888-7.29687,26.50776-26.5,26.50776-42.85937V312.79688c72.59753-46.3125,128.03493-108.40626,128.03493-211.09376C512.07526,76.5,512.07526,51.29688,505.12019,19.09375ZM384.04033,168A40,40,0,1,1,424.05,128,40.02322,40.02322,0,0,1,384.04033,168Z\"><\/path><\/svg>\t\t\t<\/div>\n\t\t<\/div>\n\t\t\t\t\t\t<\/div>\n\t\t\t\t<\/div>\n\t\t\t\t<div class=\"elementor-element elementor-element-39b8530 elementor-widget elementor-widget-text-editor\" data-id=\"39b8530\" data-element_type=\"widget\" data-widget_type=\"text-editor.default\">\n\t\t\t\t<div class=\"elementor-widget-container\">\n\t\t\t\t\t\t\t\t\t<p>Planifier sa participation est la cl\u00e9 d\u2019une exp\u00e9rience r\u00e9ussie. Gr\u00e2ce \u00e0 la nouvelle application, il devient facile de pr\u00e9parer enti\u00e8rement ses journ\u00e9es au salon, de saisir les opportunit\u00e9s et de tirer le meilleur parti de l\u2019\u00e9v\u00e9nement !<\/p>\t\t\t\t\t\t\t\t<\/div>\n\t\t\t\t<\/div>\n\t\t\t\t<\/div>\n\t\t<div class=\"elementor-element elementor-element-4d5e172 e-con-full e-flex e-con e-child\" data-id=\"4d5e172\" data-element_type=\"container\" data-settings=\"{&quot;background_background&quot;:&quot;gradient&quot;}\">\n\t\t\t\t<div class=\"elementor-element elementor-element-a6ac95b elementor-widget elementor-widget-heading\" data-id=\"a6ac95b\" data-element_type=\"widget\" data-widget_type=\"heading.default\">\n\t\t\t\t<div class=\"elementor-widget-container\">\n\t\t\t\t\t<h1 class=\"elementor-heading-title elementor-size-default\">Recevez des recommandations personnalis\u00e9es<\/h1>\t\t\t\t<\/div>\n\t\t\t\t<\/div>\n\t\t\t\t<div class=\"elementor-element elementor-element-5dd72d6 elementor-view-default elementor-widget elementor-widget-icon\" data-id=\"5dd72d6\" data-element_type=\"widget\" data-widget_type=\"icon.default\">\n\t\t\t\t<div class=\"elementor-widget-container\">\n\t\t\t\t\t\t\t<div class=\"elementor-icon-wrapper\">\n\t\t\t<div class=\"elementor-icon\">\n\t\t\t<svg aria-hidden=\"true\" class=\"e-font-icon-svg e-fas-handshake\" viewBox=\"0 0 640 512\" xmlns=\"http:\/\/www.w3.org\/2000\/svg\"><path d=\"M434.7 64h-85.9c-8 0-15.7 3-21.6 8.4l-98.3 90c-.1.1-.2.3-.3.4-16.6 15.6-16.3 40.5-2.1 56 12.7 13.9 39.4 17.6 56.1 2.7.1-.1.3-.1.4-.2l79.9-73.2c6.5-5.9 16.7-5.5 22.6 1 6 6.5 5.5 16.6-1 22.6l-26.1 23.9L504 313.8c2.9 2.4 5.5 5 7.9 7.7V128l-54.6-54.6c-5.9-6-14.1-9.4-22.6-9.4zM544 128.2v223.9c0 17.7 14.3 32 32 32h64V128.2h-96zm48 223.9c-8.8 0-16-7.2-16-16s7.2-16 16-16 16 7.2 16 16-7.2 16-16 16zM0 384h64c17.7 0 32-14.3 32-32V128.2H0V384zm48-63.9c8.8 0 16 7.2 16 16s-7.2 16-16 16-16-7.2-16-16c0-8.9 7.2-16 16-16zm435.9 18.6L334.6 217.5l-30 27.5c-29.7 27.1-75.2 24.5-101.7-4.4-26.9-29.4-24.8-74.9 4.4-101.7L289.1 64h-83.8c-8.5 0-16.6 3.4-22.6 9.4L128 128v223.9h18.3l90.5 81.9c27.4 22.3 67.7 18.1 90-9.3l.2-.2 17.9 15.5c15.9 13 39.4 10.5 52.3-5.4l31.4-38.6 5.4 4.4c13.7 11.1 33.9 9.1 45-4.7l9.5-11.7c11.2-13.8 9.1-33.9-4.6-45.1z\"><\/path><\/svg>\t\t\t<\/div>\n\t\t<\/div>\n\t\t\t\t\t\t<\/div>\n\t\t\t\t<\/div>\n\t\t\t\t<div class=\"elementor-element elementor-element-c4a6a07 elementor-widget elementor-widget-text-editor\" data-id=\"c4a6a07\" data-element_type=\"widget\" data-widget_type=\"text-editor.default\">\n\t\t\t\t<div class=\"elementor-widget-container\">\n\t\t\t\t\t\t\t\t\t<p>Recevez des suggestions personnalis\u00e9es des personnes \u00e0 rencontrer. Gr\u00e2ce \u00e0 l&rsquo;intelligence artificielle, vos pr\u00e9f\u00e9rences sont analys\u00e9es et les connexions les plus pertinentes pour vous sont propos\u00e9es.<\/p>\t\t\t\t\t\t\t\t<\/div>\n\t\t\t\t<\/div>\n\t\t\t\t<\/div>\n\t\t<div class=\"elementor-element elementor-element-059041c e-con-full e-flex e-con e-child\" data-id=\"059041c\" data-element_type=\"container\" data-settings=\"{&quot;background_background&quot;:&quot;gradient&quot;}\">\n\t\t\t\t<div class=\"elementor-element elementor-element-258b528 elementor-widget elementor-widget-heading\" data-id=\"258b528\" data-element_type=\"widget\" data-widget_type=\"heading.default\">\n\t\t\t\t<div class=\"elementor-widget-container\">\n\t\t\t\t\t<h1 class=\"elementor-heading-title elementor-size-default\">Cr\u00e9ez votre programme et assistez aux conf\u00e9rences<\/h1>\t\t\t\t<\/div>\n\t\t\t\t<\/div>\n\t\t\t\t<div class=\"elementor-element elementor-element-6167268 elementor-view-default elementor-widget elementor-widget-icon\" data-id=\"6167268\" data-element_type=\"widget\" data-widget_type=\"icon.default\">\n\t\t\t\t<div class=\"elementor-widget-container\">\n\t\t\t\t\t\t\t<div class=\"elementor-icon-wrapper\">\n\t\t\t<div class=\"elementor-icon\">\n\t\t\t<svg aria-hidden=\"true\" class=\"e-font-icon-svg e-fas-calendar-check\" viewBox=\"0 0 448 512\" xmlns=\"http:\/\/www.w3.org\/2000\/svg\"><path d=\"M436 160H12c-6.627 0-12-5.373-12-12v-36c0-26.51 21.49-48 48-48h48V12c0-6.627 5.373-12 12-12h40c6.627 0 12 5.373 12 12v52h128V12c0-6.627 5.373-12 12-12h40c6.627 0 12 5.373 12 12v52h48c26.51 0 48 21.49 48 48v36c0 6.627-5.373 12-12 12zM12 192h424c6.627 0 12 5.373 12 12v260c0 26.51-21.49 48-48 48H48c-26.51 0-48-21.49-48-48V204c0-6.627 5.373-12 12-12zm333.296 95.947l-28.169-28.398c-4.667-4.705-12.265-4.736-16.97-.068L194.12 364.665l-45.98-46.352c-4.667-4.705-12.266-4.736-16.971-.068l-28.397 28.17c-4.705 4.667-4.736 12.265-.068 16.97l82.601 83.269c4.667 4.705 12.265 4.736 16.97.068l142.953-141.805c4.705-4.667 4.736-12.265.068-16.97z\"><\/path><\/svg>\t\t\t<\/div>\n\t\t<\/div>\n\t\t\t\t\t\t<\/div>\n\t\t\t\t<\/div>\n\t\t\t\t<div class=\"elementor-element elementor-element-89b3db9 elementor-widget elementor-widget-text-editor\" data-id=\"89b3db9\" data-element_type=\"widget\" data-widget_type=\"text-editor.default\">\n\t\t\t\t<div class=\"elementor-widget-container\">\n\t\t\t\t\t\t\t\t\t<p>Restez au courant et ne manquez pas une session importante ! Explorez le programme de conf\u00e9rences, d\u00e9couvrez en d\u00e9tail les intervenants et les sujets, et ajoutez facilement les sessions que vous souhaitez suivre \u00e0 votre agenda personnel.<\/p>\t\t\t\t\t\t\t\t<\/div>\n\t\t\t\t<\/div>\n\t\t\t\t<\/div>\n\t\t\t\t\t<\/div>\n\t\t\t\t<\/div>\n\t\t\t\t<\/div>\n\t\t","protected":false},"excerpt":{"rendered":"<p>Optimisez votre participation au salon avec l\u2019application Easyfairs Belgium L\u2019application Easyfairs Belgium fait bien plus que g\u00e9rer votre planning. C\u2019est votre assistant personnel pour le salon, qui vous accompagne d\u00e8s la pr\u00e9paration de votre participation et jusqu\u2019apr\u00e8s l\u2019\u00e9v\u00e9nement. En reliant le profil de votre entreprise \u00e0 l\u2019application via My Easyfairs, vos informations sont automatiquement remplies. [&hellip;]<\/p>\n","protected":false},"author":139,"featured_media":0,"parent":0,"menu_order":0,"comment_status":"closed","ping_status":"closed","template":"","meta":{"_seopress_robots_primary_cat":"","_seopress_titles_title":"","_seopress_titles_desc":"","_seopress_robots_index":"","footnotes":""},"class_list":["post-41191","page","type-page","status-publish","hentry"],"_links":{"self":[{"href":"https:\/\/www.saveurs-metiers.be\/fr\/wp-json\/wp\/v2\/pages\/41191","targetHints":{"allow":["GET"]}}],"collection":[{"href":"https:\/\/www.saveurs-metiers.be\/fr\/wp-json\/wp\/v2\/pages"}],"about":[{"href":"https:\/\/www.saveurs-metiers.be\/fr\/wp-json\/wp\/v2\/types\/page"}],"author":[{"embeddable":true,"href":"https:\/\/www.saveurs-metiers.be\/fr\/wp-json\/wp\/v2\/users\/139"}],"replies":[{"embeddable":true,"href":"https:\/\/www.saveurs-metiers.be\/fr\/wp-json\/wp\/v2\/comments?post=41191"}],"version-history":[{"count":5,"href":"https:\/\/www.saveurs-metiers.be\/fr\/wp-json\/wp\/v2\/pages\/41191\/revisions"}],"predecessor-version":[{"id":41244,"href":"https:\/\/www.saveurs-metiers.be\/fr\/wp-json\/wp\/v2\/pages\/41191\/revisions\/41244"}],"wp:attachment":[{"href":"https:\/\/www.saveurs-metiers.be\/fr\/wp-json\/wp\/v2\/media?parent=41191"}],"curies":[{"name":"wp","href":"https:\/\/api.w.org\/{rel}","templated":true}]}}