{"id":18781,"date":"2022-12-08T16:23:10","date_gmt":"2022-12-08T15:23:10","guid":{"rendered":"https:\/\/www.saveurs-metiers.be\/?page_id=18781"},"modified":"2025-12-08T14:09:52","modified_gmt":"2025-12-08T13:09:52","slug":"smart-badge","status":"publish","type":"page","link":"https:\/\/www.saveurs-metiers.be\/fr\/smart-badge\/","title":{"rendered":"Smart Badge"},"content":{"rendered":"\t\t<div data-elementor-type=\"wp-post\" data-elementor-id=\"18781\" class=\"elementor elementor-18781\" data-elementor-post-type=\"page\">\n\t\t\t\t<div class=\"elementor-element elementor-element-b31e21f e-flex e-con-boxed e-con e-parent\" data-id=\"b31e21f\" data-element_type=\"container\">\n\t\t\t\t\t<div class=\"e-con-inner\">\n\t\t<div class=\"elementor-element elementor-element-1fad297 e-con-full e-flex e-con e-child\" data-id=\"1fad297\" data-element_type=\"container\">\n\t\t\t\t<div class=\"elementor-element elementor-element-a177841 elementor-widget elementor-widget-heading\" data-id=\"a177841\" data-element_type=\"widget\" data-widget_type=\"heading.default\">\n\t\t\t\t<div class=\"elementor-widget-container\">\n\t\t\t\t\t<h1 class=\"elementor-heading-title elementor-size-default\">Technologie Smart Badge<\/h1>\t\t\t\t<\/div>\n\t\t\t\t<\/div>\n\t\t\t\t<div class=\"elementor-element elementor-element-e17da8b elementor-widget elementor-widget-heading\" data-id=\"e17da8b\" data-element_type=\"widget\" data-widget_type=\"heading.default\">\n\t\t\t\t<div class=\"elementor-widget-container\">\n\t\t\t\t\t<h2 class=\"elementor-heading-title elementor-size-default\">Obtenez facilement et rapidement des informations sur les exposants gr\u00e2ce \u00e0 notre technologie Smart Badge.\nGr\u00e2ce au Smart Badge, vous savez toujours exactement quels stands vous avez visit\u00e9s et quelles informations vous avez collect\u00e9es. Apr\u00e8s votre visite, vous recevez automatiquement un r\u00e9capitulatif de tout ce que vous avez d\u00e9couvert, ce qui vous permet de tout retrouver sans effort.<\/h2>\t\t\t\t<\/div>\n\t\t\t\t<\/div>\n\t\t\t\t<\/div>\n\t\t\t\t\t<\/div>\n\t\t\t\t<\/div>\n\t\t<div class=\"elementor-element elementor-element-9fd5c2e e-flex e-con-boxed e-con e-parent\" data-id=\"9fd5c2e\" data-element_type=\"container\">\n\t\t\t\t\t<div class=\"e-con-inner\">\n\t\t<div class=\"elementor-element elementor-element-118e5b6 e-flex e-con-boxed e-con e-child\" data-id=\"118e5b6\" data-element_type=\"container\" data-settings=\"{&quot;background_background&quot;:&quot;classic&quot;}\">\n\t\t\t\t\t<div class=\"e-con-inner\">\n\t\t<div class=\"elementor-element elementor-element-d35b46b e-con-full e-flex e-con e-child\" data-id=\"d35b46b\" data-element_type=\"container\">\n\t\t\t\t<div class=\"elementor-element elementor-element-3315bfd elementor-widget elementor-widget-heading\" data-id=\"3315bfd\" data-element_type=\"widget\" data-widget_type=\"heading.default\">\n\t\t\t\t<div class=\"elementor-widget-container\">\n\t\t\t\t\t<h2 class=\"elementor-heading-title elementor-size-default\">Comment utiliser votre badge visiteur\u2009?<\/h2>\t\t\t\t<\/div>\n\t\t\t\t<\/div>\n\t\t\t\t<div class=\"elementor-element elementor-element-68f6da3 elementor-widget elementor-widget-text-editor\" data-id=\"68f6da3\" data-element_type=\"widget\" data-widget_type=\"text-editor.default\">\n\t\t\t\t<div class=\"elementor-widget-container\">\n\t\t\t\t\t\t\t\t\t<ol><li><strong>Explorez les stands et collectez des informations<\/strong><br \/>Vous constaterez la pr\u00e9sence d\u2019un ou de plusieurs <strong>panneaux verts sur chaque stand<\/strong>. Un exposant et ses produits vous int\u00e9ressent particuli\u00e8rement\u2009? <strong>Placez votre badge visiteur contre le lecteur int\u00e9gr\u00e9<\/strong> au pr\u00e9sentoir. Votre badge est correctement scann\u00e9 si vous entendez un bip et si la lumi\u00e8re verte du lecteur s\u2019allume.<\/li><li>Le lendemain de votre visite, vous recevez <strong>un email reprenant toutes les informations<\/strong> des exposants chez lesquels vous avez scann\u00e9 votre badge, ainsi que quelques recommandations d\u2019exposants qui pourraient \u00e9galement vous int\u00e9resser. Ainsi, vous avez tout \u00e0 port\u00e9e de main, sans rien devoir retenir !<\/li><\/ol>\t\t\t\t\t\t\t\t<\/div>\n\t\t\t\t<\/div>\n\t\t\t\t<\/div>\n\t\t<div class=\"elementor-element elementor-element-72ea442 e-con-full e-flex e-con e-child\" data-id=\"72ea442\" data-element_type=\"container\">\n\t\t\t\t<div class=\"elementor-element elementor-element-00be83a elementor-widget elementor-widget-image\" data-id=\"00be83a\" data-element_type=\"widget\" data-widget_type=\"image.default\">\n\t\t\t\t<div class=\"elementor-widget-container\">\n\t\t\t\t\t\t\t\t\t\t\t\t\t\t\t<img fetchpriority=\"high\" decoding=\"async\" width=\"800\" height=\"649\" src=\"https:\/\/easyfairsassets.com\/sites\/194\/2025\/12\/Digitalize-2025-sebastien-roberty-99-1024x831.jpg\" class=\"attachment-large size-large wp-image-41217\" alt=\"\" srcset=\"https:\/\/easyfairsassets.com\/sites\/194\/2025\/12\/Digitalize-2025-sebastien-roberty-99-1024x831.jpg 1024w, https:\/\/easyfairsassets.com\/sites\/194\/2025\/12\/Digitalize-2025-sebastien-roberty-99-300x244.jpg 300w, https:\/\/easyfairsassets.com\/sites\/194\/2025\/12\/Digitalize-2025-sebastien-roberty-99-768x624.jpg 768w, https:\/\/easyfairsassets.com\/sites\/194\/2025\/12\/Digitalize-2025-sebastien-roberty-99-1536x1247.jpg 1536w, https:\/\/easyfairsassets.com\/sites\/194\/2025\/12\/Digitalize-2025-sebastien-roberty-99.jpg 1920w\" sizes=\"(max-width: 800px) 100vw, 800px\" \/>\t\t\t\t\t\t\t\t\t\t\t\t\t\t\t<\/div>\n\t\t\t\t<\/div>\n\t\t\t\t<\/div>\n\t\t\t\t\t<\/div>\n\t\t\t\t<\/div>\n\t\t\t\t\t<\/div>\n\t\t\t\t<\/div>\n\t\t<div class=\"elementor-element elementor-element-856c889 e-flex e-con-boxed e-con e-parent\" data-id=\"856c889\" data-element_type=\"container\">\n\t\t\t\t\t<div class=\"e-con-inner\">\n\t\t<div class=\"elementor-element elementor-element-6490b43 e-flex e-con-boxed e-con e-child\" data-id=\"6490b43\" data-element_type=\"container\" data-settings=\"{&quot;background_background&quot;:&quot;classic&quot;}\">\n\t\t\t\t\t<div class=\"e-con-inner\">\n\t\t<div class=\"elementor-element elementor-element-40dbf34 e-con-full e-flex e-con e-child\" data-id=\"40dbf34\" data-element_type=\"container\">\n\t\t\t\t<div class=\"elementor-element elementor-element-ceae161 elementor-widget elementor-widget-video\" data-id=\"ceae161\" data-element_type=\"widget\" data-settings=\"{&quot;youtube_url&quot;:&quot;https:\\\/\\\/www.youtube.com\\\/watch?v=Wvxmq7ITRC0&quot;,&quot;video_type&quot;:&quot;youtube&quot;,&quot;controls&quot;:&quot;yes&quot;}\" data-widget_type=\"video.default\">\n\t\t\t\t<div class=\"elementor-widget-container\">\n\t\t\t\t\t\t\t<div class=\"elementor-wrapper elementor-open-inline\">\n\t\t\t<div class=\"elementor-video\"><\/div>\t\t<\/div>\n\t\t\t\t\t\t<\/div>\n\t\t\t\t<\/div>\n\t\t\t\t<\/div>\n\t\t<div class=\"elementor-element elementor-element-203d5e0 e-con-full e-flex e-con e-child\" data-id=\"203d5e0\" data-element_type=\"container\">\n\t\t\t\t<div class=\"elementor-element elementor-element-605852e elementor-widget elementor-widget-heading\" data-id=\"605852e\" data-element_type=\"widget\" data-widget_type=\"heading.default\">\n\t\t\t\t<div class=\"elementor-widget-container\">\n\t\t\t\t\t<h2 class=\"elementor-heading-title elementor-size-default\">Vos avantages<\/h2>\t\t\t\t<\/div>\n\t\t\t\t<\/div>\n\t\t\t\t<div class=\"elementor-element elementor-element-a06f59c elementor-widget elementor-widget-text-editor\" data-id=\"a06f59c\" data-element_type=\"widget\" data-widget_type=\"text-editor.default\">\n\t\t\t\t<div class=\"elementor-widget-container\">\n\t\t\t\t\t\t\t\t\t<ol><li>Votre badge visiteur vous sert de de porte-documents virtuel durant le salon. Plus besoin de transporter des catalogues lourds et encombrants, ni de prendre des notes\u2009!<\/li><li>Vous savez ainsi quels stands vous avez d\u00e9j\u00e0 visit\u00e9s. Pratique : vous recevez un email avec un aper\u00e7u complet de votre visite.<\/li><li>Pas de spam. Vous ne recevez, sous forme num\u00e9rique, que les informations des exposants pour lesquels vous avez marqu\u00e9 un int\u00e9r\u00eat.<\/li><\/ol>\t\t\t\t\t\t\t\t<\/div>\n\t\t\t\t<\/div>\n\t\t\t\t<\/div>\n\t\t\t\t\t<\/div>\n\t\t\t\t<\/div>\n\t\t\t\t\t<\/div>\n\t\t\t\t<\/div>\n\t\t\t\t<\/div>\n\t\t","protected":false},"excerpt":{"rendered":"<p>Technologie Smart Badge Obtenez facilement et rapidement des informations sur les exposants gr\u00e2ce \u00e0 notre technologie Smart Badge. Gr\u00e2ce au Smart Badge, vous savez toujours exactement quels stands vous avez visit\u00e9s et quelles informations vous avez collect\u00e9es. Apr\u00e8s votre visite, vous recevez automatiquement un r\u00e9capitulatif de tout ce que vous avez d\u00e9couvert, ce qui vous [&hellip;]<\/p>\n","protected":false},"author":179,"featured_media":0,"parent":0,"menu_order":0,"comment_status":"closed","ping_status":"closed","template":"","meta":{"_seopress_robots_primary_cat":"","_seopress_titles_title":"Smart Badge - Saveurs &amp; M\u00e9tiers","_seopress_titles_desc":"Recevez rapidement et facilement toutes les informations des exposants qui vous int\u00e9ressent gr\u00e2ce \u00e0 notre technologie Smart Badge.","_seopress_robots_index":"","footnotes":""},"class_list":["post-18781","page","type-page","status-publish","hentry"],"_links":{"self":[{"href":"https:\/\/www.saveurs-metiers.be\/fr\/wp-json\/wp\/v2\/pages\/18781","targetHints":{"allow":["GET"]}}],"collection":[{"href":"https:\/\/www.saveurs-metiers.be\/fr\/wp-json\/wp\/v2\/pages"}],"about":[{"href":"https:\/\/www.saveurs-metiers.be\/fr\/wp-json\/wp\/v2\/types\/page"}],"author":[{"embeddable":true,"href":"https:\/\/www.saveurs-metiers.be\/fr\/wp-json\/wp\/v2\/users\/179"}],"replies":[{"embeddable":true,"href":"https:\/\/www.saveurs-metiers.be\/fr\/wp-json\/wp\/v2\/comments?post=18781"}],"version-history":[{"count":5,"href":"https:\/\/www.saveurs-metiers.be\/fr\/wp-json\/wp\/v2\/pages\/18781\/revisions"}],"predecessor-version":[{"id":41224,"href":"https:\/\/www.saveurs-metiers.be\/fr\/wp-json\/wp\/v2\/pages\/18781\/revisions\/41224"}],"wp:attachment":[{"href":"https:\/\/www.saveurs-metiers.be\/fr\/wp-json\/wp\/v2\/media?parent=18781"}],"curies":[{"name":"wp","href":"https:\/\/api.w.org\/{rel}","templated":true}]}}